{"id":13,"date":"2025-02-17T19:32:12","date_gmt":"2025-02-17T19:32:12","guid":{"rendered":"https:\/\/nicolejewelry.com\/inicio\/"},"modified":"2025-03-21T21:53:01","modified_gmt":"2025-03-21T21:53:01","slug":"home","status":"publish","type":"page","link":"https:\/\/nicolejewelry.com\/es\/","title":{"rendered":"Hogar"},"content":{"rendered":"<div class=\"wp-block-group alignfull hostinger-ai-hero-1 hostinger-ai-fade-up has-color-1-background-color has-background has-global-padding is-layout-constrained wp-block-group-is-layout-constrained\" data-aos=\"fade-up\">\n<div class=\"wp-block-group alignwide hostinger-ai-fade-up is-layout-grid wp-container-core-group-is-layout-b2a6df44 wp-block-group-is-layout-grid\" data-aos=\"fade-up\" style=\"padding-top:var(--wp--preset--spacing--60);padding-bottom:var(--wp--preset--spacing--60)\">\n<div class=\"wp-block-group hostinger-ai-fade-up wp-container-content-5e2576f9 is-vertical is-content-justification-left is-nowrap is-layout-flex wp-container-core-group-is-layout-e445e5de wp-block-group-is-layout-flex\" data-aos=\"fade-up\">\n<h1 class=\"wp-block-heading hostinger-ai-title has-dark-color has-text-color has-link-color has-xx-large-font-size wp-elements-1a297e6e58588c6677056eba72139da5\" style=\"margin-top:0;margin-right:0;margin-bottom:0;margin-left:0\">Joyas elegantes<\/h1>\n\n\n\n<p><\/p>\n\n\n\n<p>Descubre nuestras joyas en oro de 10K y 14K con dise\u00f1os \u00fanicos.<\/p>\n\n\n\n<div class=\"wp-block-buttons is-layout-flex wp-block-buttons-is-layout-flex\"><\/div>\n<\/div>\n\n\n\n<div class=\"wp-block-group hostinger-ai-fade-up has-global-padding is-layout-constrained wp-block-group-is-layout-constrained\" data-aos=\"fade-up\">\n<figure class=\"wp-block-gallery has-nested-images columns-default is-cropped wp-block-gallery-1 is-layout-flex wp-block-gallery-is-layout-flex\">\n<figure class=\"wp-block-image size-full has-custom-border hostinger-ai-image\"><img loading=\"lazy\" decoding=\"async\" width=\"1024\" height=\"1024\" data-id=\"23\" src=\"https:\/\/nicolejewelry.com\/wp-content\/uploads\/2025\/02\/WhatsApp-Image-2025-01-29-at-20.21.10_ae0742ea.jpg\" alt=\"\" class=\"wp-image-23\" style=\"border-radius:8px\" srcset=\"https:\/\/nicolejewelry.com\/wp-content\/uploads\/2025\/02\/WhatsApp-Image-2025-01-29-at-20.21.10_ae0742ea.jpg 1024w, https:\/\/nicolejewelry.com\/wp-content\/uploads\/2025\/02\/WhatsApp-Image-2025-01-29-at-20.21.10_ae0742ea-300x300.jpg 300w, https:\/\/nicolejewelry.com\/wp-content\/uploads\/2025\/02\/WhatsApp-Image-2025-01-29-at-20.21.10_ae0742ea-150x150.jpg 150w, https:\/\/nicolejewelry.com\/wp-content\/uploads\/2025\/02\/WhatsApp-Image-2025-01-29-at-20.21.10_ae0742ea-768x768.jpg 768w\" sizes=\"auto, (max-width: 1024px) 100vw, 1024px\" \/><\/figure>\n<\/figure>\n<\/div>\n<\/div>\n<\/div>\n\n\n\n<div class=\"wp-block-group alignwide hostinger-ai-about-us-4 hostinger-ai-fade-up has-global-padding is-layout-constrained wp-block-group-is-layout-constrained\" data-aos=\"fade-up\" style=\"padding-top:0;padding-bottom:0\">\n<div class=\"wp-block-group alignwide hostinger-ai-fade-up is-nowrap is-layout-flex wp-container-core-group-is-layout-4ac5639c wp-block-group-is-layout-flex\" data-aos=\"fade-up\" style=\"margin-bottom:0;padding-top:0;padding-bottom:var(--wp--preset--spacing--30)\">\n<div class=\"wp-block-columns is-layout-flex wp-container-core-columns-is-layout-28f84493 wp-block-columns-is-layout-flex\">\n<div class=\"wp-block-column is-layout-flow wp-block-column-is-layout-flow\" style=\"flex-basis:50%\">\n<h2 class=\"wp-block-heading hostinger-ai-title has-x-large-font-size\" style=\"margin-bottom:0\">Joyas de calidad<\/h2>\n<\/div>\n\n\n\n<div class=\"wp-block-column is-vertically-aligned-center has-small-font-size has-global-padding is-layout-constrained wp-block-column-is-layout-constrained\" style=\"flex-basis:50%\">\n<p class=\"hostinger-ai-description has-medium-font-size\"> En Nicole Jewelry, ofrecemos joyer\u00eda de oro de 10k y 14k, garantizando autenticidad y elegancia para cada ocasi\u00f3n. Descubra nuestros dise\u00f1os \u00fanicos.<\/p>\n\n\n\n<div class=\"wp-block-buttons is-layout-flex wp-block-buttons-is-layout-flex\" style=\"margin-top:var(--wp--preset--spacing--50)\"><\/div>\n<\/div>\n<\/div>\n<\/div>\n\n\n\n<div class=\"wp-block-group alignwide image-row hostinger-ai-fade-up is-layout-flex wp-block-group-is-layout-flex\" data-aos=\"fade-up\" style=\"margin-bottom:0;padding-top:var(--wp--preset--spacing--30)\">\n<figure class=\"wp-block-image size-full has-custom-border hostinger-ai-image hostinger-index-6\"><img decoding=\"async\" src=\"https:\/\/images.unsplash.com\/photo-1611540280958-dc93ce74f8d5?q=85&amp;w=350&amp;h=300&amp;fit=crop\" alt=\"\" class=\"wp-image-487\" style=\"border-radius:8px\"\/><\/figure>\n\n\n\n<figure class=\"wp-block-image alignfull size-full has-custom-border hostinger-ai-image hostinger-index-7\"><img decoding=\"async\" src=\"https:\/\/images.unsplash.com\/photo-1697380582263-ba9f5ef8cefa?q=85&amp;w=750&amp;h=300&amp;fit=crop\" alt=\"\" class=\"wp-image-486\" style=\"border-radius:8px\"\/><\/figure>\n<\/div>\n<\/div>\n\n\n\n<div class=\"wp-block-group alignfull hostinger-ai-fade-up has-global-padding is-layout-constrained wp-block-group-is-layout-constrained\" data-aos=\"fade-up\">\n<div class=\"wp-block-group alignwide hostinger-ai-fade-up has-global-padding is-content-justification-left is-layout-constrained wp-container-core-group-is-layout-12dd3699 wp-block-group-is-layout-constrained\" data-aos=\"fade-up\">\n<div class=\"wp-block-group has-global-padding is-layout-constrained wp-block-group-is-layout-constrained\">\n<h2 class=\"wp-block-heading is-style-default hostinger-ai-title has-dark-color has-text-color has-link-color has-x-large-font-size wp-elements-f699896bfc558f3347355272972b4374\" style=\"margin-bottom:var(--wp--preset--spacing--50)\"> Joyas elegantes<\/h2>\n<\/div>\n\n\n\n<div class=\"wp-block-group alignwide hostinger-ai-fade-up is-layout-grid wp-container-core-group-is-layout-88c98fc8 wp-block-group-is-layout-grid\" data-aos=\"fade-up\">\n<div class=\"wp-block-group hostinger-ai-fade-up has-global-padding is-layout-constrained wp-container-core-group-is-layout-29a8626f wp-block-group-is-layout-constrained\" data-aos=\"fade-up\" style=\"padding-top:0;padding-right:var(--wp--preset--spacing--20);padding-bottom:0;padding-left:var(--wp--preset--spacing--20)\">\n<figure class=\"wp-block-image size-full has-custom-border hostinger-ai-service-image\"><img decoding=\"async\" src=\"https:\/\/images.unsplash.com\/photo-1682823544362-b751e260e33c?q=85&amp;w=340&amp;h=340&amp;fit=crop\" alt=\"\" class=\"wp-image-160\" style=\"border-radius:8px\"\/><\/figure>\n\n\n\n<p class=\"hostinger-ai-service-description has-dark-color has-text-color has-link-color has-medium-font-size wp-elements-894db40a108af2c16001942ee06f0cf1\" style=\"margin-top:var(--wp--preset--spacing--40)\"> Descubre nuestra colecci\u00f3n de joyas de oro de 10K y 14K para cada ocasi\u00f3n especial.<\/p>\n<\/div>\n\n\n\n<div class=\"wp-block-group hostinger-ai-fade-up has-global-padding is-layout-constrained wp-container-core-group-is-layout-c9115f92 wp-block-group-is-layout-constrained\" data-aos=\"fade-up\" style=\"padding-right:var(--wp--preset--spacing--20);padding-left:var(--wp--preset--spacing--20)\">\n<figure class=\"wp-block-image size-full has-custom-border hostinger-ai-service-image hostinger-index-1\"><img decoding=\"async\" src=\"https:\/\/images.unsplash.com\/photo-1697713465161-d872b22723a2?q=85&amp;w=340&amp;h=340&amp;fit=crop\" alt=\"\" class=\"wp-image-160\" style=\"border-radius:8px\"\/><\/figure>\n\n\n\n<p class=\"hostinger-ai-service-description hostinger-index-1 has-dark-color has-text-color has-link-color has-medium-font-size wp-elements-6f945750653094515f6b59cdd147ec47\" style=\"margin-top:var(--wp--preset--spacing--40)\"> Ofrecemos autenticidad y calidad en cada pieza, dise\u00f1ada para realzar tu belleza \u00fanica.<\/p>\n<\/div>\n\n\n\n<div class=\"wp-block-group hostinger-ai-fade-up has-global-padding is-layout-constrained wp-container-core-group-is-layout-c9115f92 wp-block-group-is-layout-constrained\" data-aos=\"fade-up\" style=\"padding-right:var(--wp--preset--spacing--20);padding-left:var(--wp--preset--spacing--20)\">\n<figure class=\"wp-block-image size-full has-custom-border hostinger-ai-service-image hostinger-index-2\"><img decoding=\"async\" src=\"https:\/\/images.unsplash.com\/photo-1673162481606-7cb9518242b7?q=85&amp;w=340&amp;h=340&amp;fit=crop\" alt=\"\" class=\"wp-image-160\" style=\"border-radius:8px\"\/><\/figure>\n\n\n\n<p class=\"hostinger-ai-service-description hostinger-index-2 has-dark-color has-text-color has-link-color has-medium-font-size wp-elements-11872bb9aeeb964cc3916947be091212\" style=\"margin-top:var(--wp--preset--spacing--40)\"> Nicole Jewelry se especializa en joyas que combinan elegancia y sofisticaci\u00f3n para ti.<\/p>\n<\/div>\n<\/div>\n<\/div>\n<\/div>\n\n\n\n<div class=\"wp-block-group alignwide hostinger-ai-fade-up hostinger-ai-customer-reviews-3 is-content-justification-center is-nowrap is-layout-flex wp-container-core-group-is-layout-23441af8 wp-block-group-is-layout-flex\" data-aos=\"fade-up\">\n<div class=\"wp-block-group alignwide hostinger-ai-fade-up is-layout-flow wp-block-group-is-layout-flow\" data-aos=\"fade-up\">\n<div class=\"wp-block-columns is-layout-flex wp-container-core-columns-is-layout-28f84493 wp-block-columns-is-layout-flex\">\n<div class=\"wp-block-column is-layout-flow wp-block-column-is-layout-flow\" style=\"flex-basis:40%\">\n<h2 class=\"wp-block-heading alignfull has-text-align-left hostinger-ai-subtitle has-dark-color has-text-color has-link-color has-x-large-font-size wp-elements-5679c23c25cb24e00d1e60b43a9c66f4\" style=\"margin-bottom:var(--wp--preset--spacing--50)\"> Rese\u00f1as de clientes<\/h2>\n<\/div>\n\n\n\n<div class=\"wp-block-column is-layout-flow wp-block-column-is-layout-flow\" style=\"flex-basis:60%\">\n<div class=\"wp-block-group is-vertical is-layout-flex wp-container-core-group-is-layout-fe9cc265 wp-block-group-is-layout-flex\">\n<div class=\"wp-block-group hostinger-ai-fade-up is-nowrap is-layout-flex wp-container-core-group-is-layout-42f81c71 wp-block-group-is-layout-flex\" data-aos=\"fade-up\" style=\"padding-bottom:var(--wp--preset--spacing--40)\">\n<figure class=\"wp-block-image size-full has-custom-border hostinger-ai-testimonial-image hostinger-index-3\"><img decoding=\"async\" src=\"https:\/\/images.unsplash.com\/photo-1581966041078-5e934d0ca7bf?q=85&amp;w=180&amp;h=200&amp;fit=crop\" alt=\"\" class=\"wp-image-266\" style=\"border-radius:8px;object-fit:cover\"\/><\/figure>\n\n\n\n<p class=\"hostinger-ai-testimonial-text hostinger-index-1 has-dark-color has-text-color has-link-color has-medium-font-size wp-elements-74a7ddc32a8359eb548290c674e01084 wp-container-content-69bc4bdf\" style=\"padding-left:var(--wp--preset--spacing--20)\">\u201cLa calidad de las joyas de Nicole Jewelry es simplemente excepcional y aut\u00e9ntica\u201d.<\/p>\n<\/div>\n\n\n\n<div class=\"wp-block-group hostinger-ai-fade-up is-nowrap is-layout-flex wp-container-core-group-is-layout-6c531013 wp-block-group-is-layout-flex\" data-aos=\"fade-up\">\n<figure class=\"wp-block-image size-full has-custom-border hostinger-ai-testimonial-image hostinger-index-4\"><img decoding=\"async\" src=\"https:\/\/images.unsplash.com\/photo-1599847962388-ab2525732eec?q=85&amp;w=180&amp;h=200&amp;fit=crop\" alt=\"\" class=\"wp-image-265\" style=\"border-radius:8px;object-fit:cover\"\/><\/figure>\n\n\n\n<p class=\"hostinger-ai-testimonial-text has-dark-color has-text-color has-link-color has-medium-font-size wp-elements-ff626a7841d5848b78ca3cd89191de2b wp-container-content-69bc4bdf\" style=\"padding-left:var(--wp--preset--spacing--20)\">\u201cLos dise\u00f1os elegantes son perfectos para cualquier ocasi\u00f3n. \u00a1Me encantan mis piezas!\u201d<\/p>\n<\/div>\n<\/div>\n<\/div>\n<\/div>\n<\/div>\n<\/div>\n\n\n\n<div class=\"wp-block-group alignfull hostinger-ai-solid-block hostinger-ai-fade-up has-color-1-background-color has-background has-global-padding is-layout-constrained wp-block-group-is-layout-constrained\" data-aos=\"fade-up\" style=\"padding-top:var(--wp--preset--spacing--60);padding-bottom:var(--wp--preset--spacing--60)\">\n<div class=\"wp-block-group alignwide hostinger-ai-fade-up is-vertical is-content-justification-center is-nowrap is-layout-flex wp-container-core-group-is-layout-4cc6ee0a wp-block-group-is-layout-flex\" data-aos=\"fade-up\" style=\"min-height:0px;padding-top:0;padding-bottom:0\">\n<div class=\"wp-block-group hostinger-ai-fade-up wp-container-content-69bc4bdf has-global-padding is-content-justification-center is-layout-constrained wp-container-core-group-is-layout-78267832 wp-block-group-is-layout-constrained\" data-aos=\"fade-up\">\n<h2 class=\"wp-block-heading has-text-align-center hostinger-ai-title has-dark-color has-text-color has-link-color has-x-large-font-size wp-elements-3054a6296b972185a2d58fc2c6811aa9\" style=\"margin-top:0;margin-right:0;margin-bottom:0;margin-left:0\">Joyas elegantes<\/h2>\n\n\n\n<p class=\"has-text-align-center hostinger-ai-description has-dark-color has-text-color has-link-color has-medium-font-size wp-elements-51600387c2b180ea4048965eb698854c\" style=\"margin-top:var(--wp--preset--spacing--20);margin-bottom:var(--wp--preset--spacing--50)\"> Descubre nuestra exclusiva colecci\u00f3n de joyas en oro de 10K y 14K, dise\u00f1adas para realzar tu estilo en cada ocasi\u00f3n.<\/p>\n\n\n\n<div class=\"wp-block-buttons is-content-justification-center is-layout-flex wp-container-core-buttons-is-layout-a89b3969 wp-block-buttons-is-layout-flex\"><\/div>\n\n\n<\/div>\n<\/div>\n<\/div>\n\n\n\n<div data-wp-context=\"{&quot;notices&quot;:[],&quot;hideNextPreviousButtons&quot;:false,&quot;isDisabledPrevious&quot;:true,&quot;isDisabledNext&quot;:false,&quot;ariaLabelPrevious&quot;:&quot;Previous products&quot;,&quot;ariaLabelNext&quot;:&quot;Next products&quot;,&quot;collection&quot;:&quot;woocommerce\\\/product-collection\\\/featured&quot;}\" data-wp-init=\"callbacks.onRender\" data-wp-interactive=\"woocommerce\/product-collection\" data-wp-router-region=\"wc-product-collection-1\" data-__private-preview-state=\"{&quot;isPreview&quot;:false,&quot;previewMessage&quot;:&quot;Actual products will vary depending on the page being viewed.&quot;}\" data-block-name=\"woocommerce\/product-collection\" data-collection=\"woocommerce\/product-collection\/featured\" data-dimensions=\"{&quot;widthType&quot;:&quot;fill&quot;}\" data-display-layout=\"{&quot;type&quot;:&quot;flex&quot;,&quot;columns&quot;:5,&quot;shrinkColumns&quot;:true}\" data-hide-controls=\"[&quot;inherit&quot;,&quot;featured&quot;,&quot;filterable&quot;]\" data-query-context-includes=\"[&quot;collection&quot;]\" data-query-id=\"1\" data-query=\"{&quot;perPage&quot;:5,&quot;pages&quot;:1,&quot;offset&quot;:0,&quot;postType&quot;:&quot;product&quot;,&quot;order&quot;:&quot;asc&quot;,&quot;orderBy&quot;:&quot;title&quot;,&quot;search&quot;:&quot;&quot;,&quot;exclude&quot;:[],&quot;inherit&quot;:false,&quot;taxQuery&quot;:[],&quot;isProductCollectionBlock&quot;:true,&quot;featured&quot;:true,&quot;woocommerceOnSale&quot;:false,&quot;woocommerceStockStatus&quot;:[&quot;instock&quot;,&quot;outofstock&quot;,&quot;onbackorder&quot;],&quot;woocommerceAttributes&quot;:[],&quot;woocommerceHandPickedProducts&quot;:[],&quot;filterable&quot;:false,&quot;relatedBy&quot;:{&quot;categories&quot;:true,&quot;tags&quot;:true}}\" data-tag-name=\"div\" class=\"wp-block-woocommerce-product-collection is-layout-flow wp-block-product-collection-is-layout-flow\">\t\t<div data-wp-interactive=\"woocommerce\/store-notices\" class=\"wc-block-components-notices alignwide\">\n\t\t\t<template data-wp-each--notice=\"state.notices\" data-wp-each-key=\"context.notice.id\">\n\t\t\t\t<div\n\t\t\t\t\tclass=\"wc-block-components-notice-banner\"\n\t\t\t\t\tdata-wp-init=\"callbacks.scrollIntoView\"\n\t\t\t\t\tdata-wp-class--is-error=\"state.isError\"\n\t\t\t\t\tdata-wp-class--is-success=\"state.isSuccess\"\n\t\t\t\t\tdata-wp-class--is-info=\"state.isInfo\"\n\t\t\t\t\tdata-wp-class--is-dismissible=\"context.notice.dismissible\"\n\t\t\t\t\tdata-wp-bind--role=\"state.role\"\n\t\t\t\t\tdata-wp-watch=\"callbacks.injectIcon\"\n\t\t\t\t>\n\t\t\t\t\t<div class=\"wc-block-components-notice-banner__content\">\n\t\t\t\t\t\t<span data-wp-init=\"callbacks.renderNoticeContent\" aria-live=\"assertive\" aria-atomic=\"true\"><\/span>\n\t\t\t\t\t<\/div>\n\t\t\t\t\t<button\n\t\t\t\t\t\tdata-wp-bind--hidden=\"!context.notice.dismissible\"\n\t\t\t\t\t\tclass=\"wc-block-components-button wp-element-button wc-block-components-notice-banner__dismiss contained\"\n\t\t\t\t\t\taria-label=\"Descartar este aviso\"\n\t\t\t\t\t\tdata-wp-on--click=\"actions.removeNotice\" data-no-translation-aria-label=\"\"\n\t\t\t\t\t>\n\t\t\t\t\t\t<svg xmlns=\"http:\/\/www.w3.org\/2000\/svg\" viewbox=\"0 0 24 24\">\n\t\t\t\t\t\t\t<path d=\"M13 11.8l6.1-6.3-1-1-6.1 6.2-6.1-6.2-1 1 6.1 6.3-6.5 6.7 1 1 6.5-6.6 6.5 6.6 1-1z\" \/>\n\t\t\t\t\t\t<\/svg>\n\t\t\t\t\t<\/button>\n\t\t\t\t<\/div>\n\t\t\t<\/template>\n\t\t<\/div>\n\t\t<div data-block-name=\"woocommerce\/product-collection-no-results\" class=\"wp-block-woocommerce-product-collection-no-results\"><p><\/p><\/div><\/div>\n\n\n\n<p><\/p>\n\n\n\n<p><\/p>","protected":false},"excerpt":{"rendered":"<p>Joyer\u00eda Elegante. Descubra nuestras joyas de oro de 10K y 14K con dise\u00f1os \u00fanicos. Joyas de Calidad. En Nicole Jewelry, ofrecemos joyas de oro de 10K y 14K, garantizando autenticidad y elegancia para cada ocasi\u00f3n. Descubra nuestros dise\u00f1os \u00fanicos. Joyas Elegantes. Descubra nuestra colecci\u00f3n de joyas de oro de 10K y 14K para cada ocasi\u00f3n especial. Ofrecemos autenticidad y calidad [\u2026]<\/p>","protected":false},"author":1,"featured_media":0,"parent":0,"menu_order":0,"comment_status":"closed","ping_status":"closed","template":"","meta":{"footnotes":""},"class_list":["post-13","page","type-page","status-publish","hentry"],"_links":{"self":[{"href":"https:\/\/nicolejewelry.com\/es\/wp-json\/wp\/v2\/pages\/13","targetHints":{"allow":["GET"]}}],"collection":[{"href":"https:\/\/nicolejewelry.com\/es\/wp-json\/wp\/v2\/pages"}],"about":[{"href":"https:\/\/nicolejewelry.com\/es\/wp-json\/wp\/v2\/types\/page"}],"author":[{"embeddable":true,"href":"https:\/\/nicolejewelry.com\/es\/wp-json\/wp\/v2\/users\/1"}],"replies":[{"embeddable":true,"href":"https:\/\/nicolejewelry.com\/es\/wp-json\/wp\/v2\/comments?post=13"}],"version-history":[{"count":28,"href":"https:\/\/nicolejewelry.com\/es\/wp-json\/wp\/v2\/pages\/13\/revisions"}],"predecessor-version":[{"id":404,"href":"https:\/\/nicolejewelry.com\/es\/wp-json\/wp\/v2\/pages\/13\/revisions\/404"}],"wp:attachment":[{"href":"https:\/\/nicolejewelry.com\/es\/wp-json\/wp\/v2\/media?parent=13"}],"curies":[{"name":"wp","href":"https:\/\/api.w.org\/{rel}","templated":true}]}}