{"id":3,"date":"2025-02-17T19:22:25","date_gmt":"2025-02-17T19:22:25","guid":{"rendered":"http:\/\/nicolejewelry.com\/?page_id=3"},"modified":"2025-03-21T20:19:13","modified_gmt":"2025-03-21T20:19:13","slug":"privacy-policy","status":"publish","type":"page","link":"https:\/\/nicolejewelry.com\/es\/privacy-policy\/","title":{"rendered":"Pol\u00edtica de privacidad"},"content":{"rendered":"<h2 class=\"wp-block-heading\">1. Quienes somos<\/h2>\n\n\n\n<p>Bienvenido a Nicole Jewelry LLC, una tienda en l\u00ednea especializada en joyer\u00eda de oro.<\/p>\n\n\n\n<p>\u27a1 Sitio web: https:\/\/nicolejelry.com<\/p>\n\n\n\n<p>\ud83d\udce7 Correo electr\u00f3nico de contacto: nicole.jewelryllc@gmail.com<\/p>\n\n\n\n<p>Si tiene preguntas relacionadas con la privacidad, puede contactarnos al correo electr\u00f3nico indicado anteriormente.<\/p>\n\n\n\n<h2 class=\"wp-block-heading\">2. Informaci\u00f3n que recopilamos<\/h2>\n\n\n\n<p>Recopilamos informaci\u00f3n cuando los usuarios visitan nuestro sitio web, realizan una compra o interact\u00faan con nosotros.<\/p>\n\n\n\n<h3 class=\"wp-block-heading\">a) Informaci\u00f3n proporcionada por los clientes:<\/h3>\n\n\n\n<p>\u2022 Nombre completo<\/p>\n\n\n\n<p>\u2022 Direcci\u00f3n de env\u00edo y facturaci\u00f3n<\/p>\n\n\n\n<p>\u2022 N\u00famero de tel\u00e9fono<\/p>\n\n\n\n<p>\u2022 Correo electr\u00f3nico<\/p>\n\n\n\n<p>\u2022 Informaci\u00f3n de pago (No almacenamos datos de tarjetas de cr\u00e9dito; los pagos se procesan de forma segura a trav\u00e9s de proveedores externos como PayPal y Stripe).<\/p>\n\n\n\n<h3 class=\"wp-block-heading\">b) Informaci\u00f3n recopilada autom\u00e1ticamente:<\/h3>\n\n\n\n<p>\u2022Direcci\u00f3n IP<\/p>\n\n\n\n<p>\u2022 Tipo de navegador y sistema operativo<\/p>\n\n\n\n<p>\u2022 P\u00e1ginas visitadas y tiempo de permanencia en el sitio<\/p>\n\n\n\n<p>\u2022 Cookies y tecnolog\u00edas de seguimiento<\/p>\n\n\n\n<p>c) Comentarios y contenidos compartidos:<\/p>\n\n\n\n<p>Si deja un comentario en nuestro sitio, recopilamos los datos ingresados en el formulario, junto con su direcci\u00f3n IP y los detalles del navegador para ayudar en la detecci\u00f3n de spam.<\/p>\n\n\n\n<h2 class=\"wp-block-heading\">3. C\u00f3mo usamos su informaci\u00f3n<\/h2>\n\n\n\n<p>Utilizamos la informaci\u00f3n recopilada para:<\/p>\n\n\n\n<p>\u2705 Procesar y enviar pedidos<\/p>\n\n\n\n<p>\u2705 Brindar soporte al cliente<\/p>\n\n\n\n<p>\u2705 Cumplir con las obligaciones legales y fiscales<\/p>\n\n\n\n<p>\u2705 Mejorar nuestra tienda online y personalizar la experiencia del usuario<\/p>\n\n\n\n<p>\u2705 Enviar correos electr\u00f3nicos promocionales (s\u00f3lo con el consentimiento del usuario)<\/p>\n\n\n\n<p>Puede optar por no recibir correos promocionales en cualquier momento comunic\u00e1ndose con nosotros a \ud83d\udce7 nicole.jewelryllc@gmail.com<\/p>\n\n\n\n<h2 class=\"wp-block-heading\">4. Intercambio de datos<\/h2>\n\n\n\n<p>Solo compartimos datos de los usuarios cuando es necesario para prestar nuestros servicios, incluyendo:<\/p>\n\n\n\n<p>\u2022 Procesadores de pago: PayPal, Stripe u otros servicios de pago seguros.<\/p>\n\n\n\n<p>\u2022 Proveedores de env\u00edo: USPS, FedEx, UPS u otros transportistas.<\/p>\n\n\n\n<p>\u2022 Plataformas de marketing: Google Ads, Facebook Ads (si realizamos campa\u00f1as publicitarias).<\/p>\n\n\n\n<p>\u2022 Servicios de an\u00e1lisis: Google Analytics, Meta Pixel (para mejorar el rendimiento del sitio web y el marketing).<\/p>\n\n\n\n<p>No vendemos ni compartimos datos personales con terceros con fines de marketing.<\/p>\n\n\n\n<p><strong>5. Cookies y tecnolog\u00edas de seguimiento<\/strong><\/p>\n\n\n\n<p>Nuestro sitio web utiliza cookies para mejorar la experiencia del usuario. Las cookies nos ayudan a:<\/p>\n\n\n\n<p>\u2022 Almacenar productos en el carrito de compras<\/p>\n\n\n\n<p>\u2022 Recordar las preferencias del usuario<\/p>\n\n\n\n<p>\u2022 Analizar el tr\u00e1fico del sitio web<\/p>\n\n\n\n<p>Los usuarios pueden administrar o deshabilitar las cookies a trav\u00e9s de la configuraci\u00f3n de su navegador.<\/p>\n\n\n\n<h2 class=\"wp-block-heading\">6. Seguridad de la informaci\u00f3n<\/h2>\n\n\n\n<p>Nos tomamos la seguridad muy en serio e implementamos medidas para proteger los datos de los usuarios:<\/p>\n\n\n\n<p>\ud83d\udd12 Cifrado SSL para transacciones seguras<\/p>\n\n\n\n<p>\ud83d\udd12 Acceso restringido a datos sensibles<\/p>\n\n\n\n<p>\ud83d\udd12 Monitoreo de fraudes para prevenir actividades sospechosas<\/p>\n\n\n\n<p><strong>7. Derechos del usuario<\/strong><\/p>\n\n\n\n<p>Como usuario, usted tiene derecho a:<\/p>\n\n\n\n<p>\u2022 Solicitar una copia de sus datos personales<\/p>\n\n\n\n<p>\u2022 Corregir cualquier informaci\u00f3n inexacta<\/p>\n\n\n\n<p>\u2022 Solicitar la supresi\u00f3n de sus datos personales (excepto aquellos que estemos obligados a conservar por motivos legales)<\/p>\n\n\n\n<p>Podemos conservar algunos datos por razones legales, administrativas o de seguridad.<\/p>\n\n\n\n<p>Para ejercer estos derechos, cont\u00e1ctenos a \ud83d\udce7 nicole.jewelryllc@gmail.com<\/p>\n\n\n\n<h2 class=\"wp-block-heading\">8. Cumplimiento legal<\/h2>\n\n\n\n<p>Cumplimos con las leyes de privacidad aplicables, incluidas:<\/p>\n\n\n\n<p>\u2705 Leyes de protecci\u00f3n al consumidor en EE. UU.<\/p>\n\n\n\n<p>\u2705 Reglamento General de Protecci\u00f3n de Datos (RGPD) para clientes de la UE<\/p>\n\n\n\n<p>\u2705 Ley de Privacidad del Consumidor de California (CCPA)<\/p>\n\n\n\n<p>Si tiene inquietudes sobre c\u00f3mo manejamos sus datos, comun\u00edquese con nosotros y lo ayudaremos.<\/p>\n\n\n\n<h2 class=\"wp-block-heading\">9. Actualizaciones de pol\u00edticas<\/h2>\n\n\n\n<p>Nos reservamos el derecho de actualizar esta pol\u00edtica de privacidad en cualquier momento.<\/p>\n\n\n\n<p>Cualquier cambio se publicar\u00e1 en esta p\u00e1gina junto con la fecha de actualizaci\u00f3n.<\/p>\n\n\n\n<p>Si contin\u00faa utilizando nuestro sitio web despu\u00e9s de una actualizaci\u00f3n, acepta los t\u00e9rminos revisados y cualquier cambio aplicable.<\/p>\n\n\n\n<p><\/p>","protected":false},"excerpt":{"rendered":"<p>1. Who we are Welcome to Nicole Jewelry LLC, an online store specializing in gold jewelry. \u27a1 Web Site : https:\/\/nicolejewelry.com \ud83d\udce7 Contact Email: nicole.jewelryllc@gmail.com If you have privacy-related questions, you can contact us at the above email. 2. Information We Collect We collect information when users visit our website, make a purchase, or interact [&hellip;]<\/p>","protected":false},"author":1,"featured_media":0,"parent":0,"menu_order":0,"comment_status":"closed","ping_status":"closed","template":"","meta":{"footnotes":""},"class_list":["post-3","page","type-page","status-publish","hentry"],"_links":{"self":[{"href":"https:\/\/nicolejewelry.com\/es\/wp-json\/wp\/v2\/pages\/3","targetHints":{"allow":["GET"]}}],"collection":[{"href":"https:\/\/nicolejewelry.com\/es\/wp-json\/wp\/v2\/pages"}],"about":[{"href":"https:\/\/nicolejewelry.com\/es\/wp-json\/wp\/v2\/types\/page"}],"author":[{"embeddable":true,"href":"https:\/\/nicolejewelry.com\/es\/wp-json\/wp\/v2\/users\/1"}],"replies":[{"embeddable":true,"href":"https:\/\/nicolejewelry.com\/es\/wp-json\/wp\/v2\/comments?post=3"}],"version-history":[{"count":5,"href":"https:\/\/nicolejewelry.com\/es\/wp-json\/wp\/v2\/pages\/3\/revisions"}],"predecessor-version":[{"id":356,"href":"https:\/\/nicolejewelry.com\/es\/wp-json\/wp\/v2\/pages\/3\/revisions\/356"}],"wp:attachment":[{"href":"https:\/\/nicolejewelry.com\/es\/wp-json\/wp\/v2\/media?parent=3"}],"curies":[{"name":"wp","href":"https:\/\/api.w.org\/{rel}","templated":true}]}}