{"id":31,"date":"2025-02-18T00:56:41","date_gmt":"2025-02-18T00:56:41","guid":{"rendered":"https:\/\/nicolejewelry.com\/?page_id=31"},"modified":"2025-05-24T20:12:09","modified_gmt":"2025-05-24T20:12:09","slug":"refund_returns","status":"publish","type":"page","link":"https:\/\/nicolejewelry.com\/es\/refund_returns\/","title":{"rendered":"Reembolsos y devoluciones"},"content":{"rendered":"<h2 class=\"wp-block-heading\">1. Condiciones de devoluci\u00f3n<\/h2>\n\n\n\n<p>Aceptamos devoluciones bajo las siguientes condiciones:<\/p>\n\n\n\n<p>\u2705 Los art\u00edculos deben estar sin usar, sin da\u00f1os y en su embalaje original.<\/p>\n\n\n\n<p>\u2705 La solicitud de devoluci\u00f3n deber\u00e1 realizarse dentro de los 3 d\u00edas siguientes a su recepci\u00f3n.<\/p>\n\n\n\n<p>\u2705 Se requiere comprobante de compra (recibo o confirmaci\u00f3n del pedido).<\/p>\n\n\n\n<h2 class=\"wp-block-heading\">2. Art\u00edculos no retornables<\/h2>\n\n\n\n<p>\ud83d\udeabJoyas personalizadas o grabadas.<\/p>\n\n\n\n<p>\ud83d\udeab Art\u00edculos en oferta o con c\u00f3digos de descuento aplicados.<\/p>\n\n\n\n<p>\ud83d\udeabTarjetas de regalo.<\/p>\n\n\n\n<p>\ud83d\udeab Las devoluciones basadas \u00fanicamente en preferencias personales (por ejemplo, cambio de opini\u00f3n o preferencia de estilo) no son elegibles para un reembolso.<br><\/p>\n\n\n\n<p>\u2705 Sin embargo, estaremos encantados de ofrecerle <strong>un cambio o cr\u00e9dito en la tienda<\/strong> que puede utilizarse para comprar un art\u00edculo diferente de igual o mayor valor.<\/p>\n\n\n\n<h2 class=\"wp-block-heading\">3. Proceso de reembolso<\/h2>\n\n\n\n<p>\ud83d\udce9 Para solicitar un reembolso, cont\u00e1ctenos a \ud83d\udce7 hxmu99@gmail.com con su n\u00famero de pedido y el motivo de la devoluci\u00f3n.<\/p>\n\n\n\n<p>\ud83d\udd04 Si es elegible, recibir\u00e1 instrucciones para enviar el art\u00edculo.<\/p>\n\n\n\n<p>\ud83d\udcb3 Una vez recibido y aprobado, el reembolso se procesar\u00e1 en un m\u00e1ximo de 7 d\u00edas h\u00e1biles.<\/p>\n\n\n\n<h2 class=\"wp-block-heading\">4. Gastos de env\u00edo de las devoluciones<\/h2>\n\n\n\n<p>\ud83d\udce6 El cliente es responsable de los gastos de env\u00edo de la devoluci\u00f3n, a menos que el art\u00edculo sea defectuoso o incorrecto.<\/p>\n\n\n\n<p>\ud83d\ude9a Se recomienda utilizar un servicio de env\u00edo rastreable para garantizar la llegada del art\u00edculo.<\/p>\n\n\n\n<h2 class=\"wp-block-heading\">5. Contacto<\/h2>\n\n\n\n<p>Si tiene preguntas sobre nuestra pol\u00edtica de reembolsos y devoluciones, comun\u00edquese con nosotros a:<\/p>\n\n\n\n<p>\ud83d\udce7 Correo electr\u00f3nico: nicole.jewelryllc@gmail.com<\/p>\n\n\n\n<p>Tel\u00e9fono: 445-275-9865<\/p>\n\n\n\n<p><\/p>","protected":false},"excerpt":{"rendered":"<p>1. Conditions for returns We accept returns under the following conditions: \u2705 Items must be unworn, undamaged, and in their original packaging. \u2705 The return request must be made within 3 days of receipt. \u2705 Proof of purchase (receipt or order confirmation) is required. 2. Non-returnable items \ud83d\udeab Personalized or engraved jewelry. \ud83d\udeab Items on [&hellip;]<\/p>","protected":false},"author":1,"featured_media":0,"parent":0,"menu_order":0,"comment_status":"closed","ping_status":"closed","template":"","meta":{"footnotes":""},"class_list":["post-31","page","type-page","status-publish","hentry"],"_links":{"self":[{"href":"https:\/\/nicolejewelry.com\/es\/wp-json\/wp\/v2\/pages\/31","targetHints":{"allow":["GET"]}}],"collection":[{"href":"https:\/\/nicolejewelry.com\/es\/wp-json\/wp\/v2\/pages"}],"about":[{"href":"https:\/\/nicolejewelry.com\/es\/wp-json\/wp\/v2\/types\/page"}],"author":[{"embeddable":true,"href":"https:\/\/nicolejewelry.com\/es\/wp-json\/wp\/v2\/users\/1"}],"replies":[{"embeddable":true,"href":"https:\/\/nicolejewelry.com\/es\/wp-json\/wp\/v2\/comments?post=31"}],"version-history":[{"count":7,"href":"https:\/\/nicolejewelry.com\/es\/wp-json\/wp\/v2\/pages\/31\/revisions"}],"predecessor-version":[{"id":623,"href":"https:\/\/nicolejewelry.com\/es\/wp-json\/wp\/v2\/pages\/31\/revisions\/623"}],"wp:attachment":[{"href":"https:\/\/nicolejewelry.com\/es\/wp-json\/wp\/v2\/media?parent=31"}],"curies":[{"name":"wp","href":"https:\/\/api.w.org\/{rel}","templated":true}]}}