{"id":72,"date":"2025-02-18T01:14:01","date_gmt":"2025-02-18T01:14:01","guid":{"rendered":"https:\/\/nicolejewelry.com\/?page_id=72"},"modified":"2025-03-21T20:16:08","modified_gmt":"2025-03-21T20:16:08","slug":"cookies-policy","status":"publish","type":"page","link":"https:\/\/nicolejewelry.com\/es\/cookies-policy\/","title":{"rendered":"Pol\u00edtica de cookies"},"content":{"rendered":"<ol class=\"wp-block-list\">\n<li>\u00bfQu\u00e9 son las cookies?<\/li>\n\n\n\n<li>Las cookies son peque\u00f1os archivos de datos que un sitio web guarda en tu dispositivo cuando lo visitas. Se utilizan para mejorar la experiencia del usuario, recordar preferencias y analizar tu comportamiento de navegaci\u00f3n.<\/li>\n\n\n\n<li>\u00bfQu\u00e9 tipos de cookies utilizamos?<\/li>\n\n\n\n<li>\ud83d\udd39 Cookies esenciales<\/li>\n\n\n\n<li>Estas cookies son necesarias para el funcionamiento del sitio web y no se pueden desactivar. Permiten funciones como guardar productos en el carrito de compra, mantener la sesi\u00f3n iniciada y procesar pagos de forma segura.<\/li>\n\n\n\n<li>\ud83d\udd39 Cookies de rendimiento y an\u00e1lisis<\/li>\n\n\n\n<li>Nos ayudan a comprender c\u00f3mo los visitantes utilizan nuestro sitio web, lo que nos permite mejorar su experiencia. Utilizamos herramientas como Google Analytics y Meta Pixel.<\/li>\n\n\n\n<li>\ud83d\udd39 Cookies de publicidad y marketing<\/li>\n\n\n\n<li>Estas cookies nos permiten mostrar anuncios personalizados en plataformas como Google Ads y Facebook Ads.<\/li>\n\n\n\n<li>\u00bfC\u00f3mo puedes gestionar las cookies?<\/li>\n\n\n\n<li>Puede aceptar o rechazar el uso de cookies en cualquier momento desde la configuraci\u00f3n de su navegador o a trav\u00e9s de la configuraci\u00f3n de cookies de nuestro sitio web.<\/li>\n\n\n\n<li>Contacto<\/li>\n\n\n\n<li>Si tiene preguntas sobre nuestra Pol\u00edtica de Cookies, puede contactarnos en:<\/li>\n\n\n\n<li>\ud83d\udce7 Correo electr\u00f3nico: nicole.jewelryllc@gmail.com<\/li>\n<\/ol>\n\n\n\n<p><\/p>","protected":false},"excerpt":{"rendered":"","protected":false},"author":1,"featured_media":0,"parent":0,"menu_order":0,"comment_status":"closed","ping_status":"closed","template":"","meta":{"footnotes":""},"class_list":["post-72","page","type-page","status-publish","hentry"],"_links":{"self":[{"href":"https:\/\/nicolejewelry.com\/es\/wp-json\/wp\/v2\/pages\/72","targetHints":{"allow":["GET"]}}],"collection":[{"href":"https:\/\/nicolejewelry.com\/es\/wp-json\/wp\/v2\/pages"}],"about":[{"href":"https:\/\/nicolejewelry.com\/es\/wp-json\/wp\/v2\/types\/page"}],"author":[{"embeddable":true,"href":"https:\/\/nicolejewelry.com\/es\/wp-json\/wp\/v2\/users\/1"}],"replies":[{"embeddable":true,"href":"https:\/\/nicolejewelry.com\/es\/wp-json\/wp\/v2\/comments?post=72"}],"version-history":[{"count":5,"href":"https:\/\/nicolejewelry.com\/es\/wp-json\/wp\/v2\/pages\/72\/revisions"}],"predecessor-version":[{"id":354,"href":"https:\/\/nicolejewelry.com\/es\/wp-json\/wp\/v2\/pages\/72\/revisions\/354"}],"wp:attachment":[{"href":"https:\/\/nicolejewelry.com\/es\/wp-json\/wp\/v2\/media?parent=72"}],"curies":[{"name":"wp","href":"https:\/\/api.w.org\/{rel}","templated":true}]}}